{"id":26,"date":"2021-11-13T11:30:42","date_gmt":"2021-11-13T11:30:42","guid":{"rendered":"https:\/\/kamadeva.hu\/?page_id=26"},"modified":"2026-03-24T08:23:02","modified_gmt":"2026-03-24T08:23:02","slug":"kapcsolat","status":"publish","type":"page","link":"https:\/\/kamadeva.hu\/hu\/kapcsolat\/","title":{"rendered":"Kapcsolat"},"content":{"rendered":"<p>Kapcsolat<\/p>\n\n\n<p><span style=\"color: #5D5D5E\">\nSzeretettel k\u00f6sz\u00f6nt\u00fcnk a szent\u00e9ly\u00fcnkben.\nK\u00edv\u00e1njuk, hogy a TE \u00e9letedben is pozit\u00edv v\u00e1ltoz\u00e1sok bontakozzanak ki!\nK\u00e9rj\u00fck, el\u0151re foglald le az id\u0151pontodat!\n\n\n\n\n\n\n\n\n\n\n\n\n\n\n\n\n\n\n\n\n\n\n\n\n\n\n\n\n\n\n\n\n\n\n\n\n<h2>KAMADEVA<\/h2>\n\n\n\n\n\n\n\nSERVICES\n\nMassages\nTouch Therapy\nHarmonization\n\n\n\nLOCATION\nLOCATION\n\n\n\n\n\n\n\nCONTACT US\n\n\n\n\nVia Email:\n\n\n\n\n\nVia Phone:","protected":false},"excerpt":{"rendered":"","protected":false},"author":2,"featured_media":0,"parent":0,"menu_order":0,"comment_status":"closed","ping_status":"closed","template":"","meta":{"pagelayer_contact_templates":[],"_pagelayer_content":"","_monsterinsights_skip_tracking":false,"_monsterinsights_sitenote_active":false,"_monsterinsights_sitenote_note":"","_monsterinsights_sitenote_category":0,"kk_blocks_editor_width":"","_kiokenblocks_attr":"","_kiokenblocks_dimensions":"","footnotes":""},"class_list":["post-26","page","type-page","status-publish","hentry"],"yoast_head":"<!-- This site is optimized with the Yoast SEO plugin v27.3 - https:\/\/yoast.com\/product\/yoast-seo-wordpress\/ -->\n<title>Contact - BUDAPEST MASSAGE<\/title>\n<meta name=\"robots\" content=\"index, follow, max-snippet:-1, max-image-preview:large, max-video-preview:-1\" \/>\n<link rel=\"canonical\" href=\"https:\/\/kamadeva.hu\/hu\/kapcsolat\/\" \/>\n<meta property=\"og:locale\" content=\"hu_HU\" \/>\n<meta property=\"og:type\" content=\"article\" \/>\n<meta property=\"og:title\" content=\"Contact - BUDAPEST MASSAGE\" \/>\n<meta property=\"og:url\" content=\"https:\/\/kamadeva.hu\/hu\/kapcsolat\/\" \/>\n<meta property=\"og:site_name\" content=\"BUDAPEST MASSAGE\" \/>\n<meta property=\"article:modified_time\" content=\"2026-03-24T08:23:02+00:00\" \/>\n<meta name=\"twitter:card\" content=\"summary_large_image\" \/>\n<meta name=\"twitter:label1\" content=\"Becs\u00fclt olvas\u00e1si id\u0151\" \/>\n\t<meta name=\"twitter:data1\" content=\"1 perc\" \/>\n<script type=\"application\/ld+json\" class=\"yoast-schema-graph\">{\"@context\":\"https:\\\/\\\/schema.org\",\"@graph\":[{\"@type\":\"WebPage\",\"@id\":\"https:\\\/\\\/kamadeva.hu\\\/kapcsolat\\\/\",\"url\":\"https:\\\/\\\/kamadeva.hu\\\/kapcsolat\\\/\",\"name\":\"Contact - BUDAPEST MASSAGE\",\"isPartOf\":{\"@id\":\"https:\\\/\\\/kamadeva.hu\\\/#website\"},\"datePublished\":\"2021-11-13T11:30:42+00:00\",\"dateModified\":\"2026-03-24T08:23:02+00:00\",\"breadcrumb\":{\"@id\":\"https:\\\/\\\/kamadeva.hu\\\/kapcsolat\\\/#breadcrumb\"},\"inLanguage\":\"hu\",\"potentialAction\":[{\"@type\":\"ReadAction\",\"target\":[\"https:\\\/\\\/kamadeva.hu\\\/kapcsolat\\\/\"]}]},{\"@type\":\"BreadcrumbList\",\"@id\":\"https:\\\/\\\/kamadeva.hu\\\/kapcsolat\\\/#breadcrumb\",\"itemListElement\":[{\"@type\":\"ListItem\",\"position\":1,\"name\":\"Kezd\u0151lap\",\"item\":\"https:\\\/\\\/kamadeva.hu\\\/\"},{\"@type\":\"ListItem\",\"position\":2,\"name\":\"Contact\"}]},{\"@type\":\"WebSite\",\"@id\":\"https:\\\/\\\/kamadeva.hu\\\/#website\",\"url\":\"https:\\\/\\\/kamadeva.hu\\\/\",\"name\":\"BUDAPEST MASSAGE\",\"description\":\"Deep Relaxation - Touch Therapy\",\"publisher\":{\"@id\":\"https:\\\/\\\/kamadeva.hu\\\/#organization\"},\"potentialAction\":[{\"@type\":\"SearchAction\",\"target\":{\"@type\":\"EntryPoint\",\"urlTemplate\":\"https:\\\/\\\/kamadeva.hu\\\/?s={search_term_string}\"},\"query-input\":{\"@type\":\"PropertyValueSpecification\",\"valueRequired\":true,\"valueName\":\"search_term_string\"}}],\"inLanguage\":\"hu\"},{\"@type\":\"Organization\",\"@id\":\"https:\\\/\\\/kamadeva.hu\\\/#organization\",\"name\":\"BUDAPEST MASSAGE\",\"url\":\"https:\\\/\\\/kamadeva.hu\\\/\",\"logo\":{\"@type\":\"ImageObject\",\"inLanguage\":\"hu\",\"@id\":\"https:\\\/\\\/kamadeva.hu\\\/#\\\/schema\\\/logo\\\/image\\\/\",\"url\":\"https:\\\/\\\/kamadeva.hu\\\/wp-content\\\/uploads\\\/2026\\\/04\\\/cropped-H1Favic-1.png\",\"contentUrl\":\"https:\\\/\\\/kamadeva.hu\\\/wp-content\\\/uploads\\\/2026\\\/04\\\/cropped-H1Favic-1.png\",\"width\":250,\"height\":250,\"caption\":\"BUDAPEST MASSAGE\"},\"image\":{\"@id\":\"https:\\\/\\\/kamadeva.hu\\\/#\\\/schema\\\/logo\\\/image\\\/\"}}]}<\/script>\n<!-- \/ Yoast SEO plugin. -->","yoast_head_json":{"title":"Contact - BUDAPEST MASSAGE","robots":{"index":"index","follow":"follow","max-snippet":"max-snippet:-1","max-image-preview":"max-image-preview:large","max-video-preview":"max-video-preview:-1"},"canonical":"https:\/\/kamadeva.hu\/hu\/kapcsolat\/","og_locale":"hu_HU","og_type":"article","og_title":"Contact - BUDAPEST MASSAGE","og_url":"https:\/\/kamadeva.hu\/hu\/kapcsolat\/","og_site_name":"BUDAPEST MASSAGE","article_modified_time":"2026-03-24T08:23:02+00:00","twitter_card":"summary_large_image","twitter_misc":{"Becs\u00fclt olvas\u00e1si id\u0151":"1 perc"},"schema":{"@context":"https:\/\/schema.org","@graph":[{"@type":"WebPage","@id":"https:\/\/kamadeva.hu\/kapcsolat\/","url":"https:\/\/kamadeva.hu\/kapcsolat\/","name":"Contact - BUDAPEST MASSAGE","isPartOf":{"@id":"https:\/\/kamadeva.hu\/#website"},"datePublished":"2021-11-13T11:30:42+00:00","dateModified":"2026-03-24T08:23:02+00:00","breadcrumb":{"@id":"https:\/\/kamadeva.hu\/kapcsolat\/#breadcrumb"},"inLanguage":"hu","potentialAction":[{"@type":"ReadAction","target":["https:\/\/kamadeva.hu\/kapcsolat\/"]}]},{"@type":"BreadcrumbList","@id":"https:\/\/kamadeva.hu\/kapcsolat\/#breadcrumb","itemListElement":[{"@type":"ListItem","position":1,"name":"Kezd\u0151lap","item":"https:\/\/kamadeva.hu\/"},{"@type":"ListItem","position":2,"name":"Contact"}]},{"@type":"WebSite","@id":"https:\/\/kamadeva.hu\/#website","url":"https:\/\/kamadeva.hu\/","name":"Budapest Massz\u00e1zs","description":"Deep Relaxation - Touch Therapy","publisher":{"@id":"https:\/\/kamadeva.hu\/#organization"},"potentialAction":[{"@type":"SearchAction","target":{"@type":"EntryPoint","urlTemplate":"https:\/\/kamadeva.hu\/?s={search_term_string}"},"query-input":{"@type":"PropertyValueSpecification","valueRequired":true,"valueName":"search_term_string"}}],"inLanguage":"hu"},{"@type":"Organization","@id":"https:\/\/kamadeva.hu\/#organization","name":"Budapest Massz\u00e1zs","url":"https:\/\/kamadeva.hu\/","logo":{"@type":"ImageObject","inLanguage":"hu","@id":"https:\/\/kamadeva.hu\/#\/schema\/logo\/image\/","url":"https:\/\/kamadeva.hu\/wp-content\/uploads\/2026\/04\/cropped-H1Favic-1.png","contentUrl":"https:\/\/kamadeva.hu\/wp-content\/uploads\/2026\/04\/cropped-H1Favic-1.png","width":250,"height":250,"caption":"BUDAPEST MASSAGE"},"image":{"@id":"https:\/\/kamadeva.hu\/#\/schema\/logo\/image\/"}}]}},"_links":{"self":[{"href":"https:\/\/kamadeva.hu\/hu\/wp-json\/wp\/v2\/pages\/26","targetHints":{"allow":["GET"]}}],"collection":[{"href":"https:\/\/kamadeva.hu\/hu\/wp-json\/wp\/v2\/pages"}],"about":[{"href":"https:\/\/kamadeva.hu\/hu\/wp-json\/wp\/v2\/types\/page"}],"author":[{"embeddable":true,"href":"https:\/\/kamadeva.hu\/hu\/wp-json\/wp\/v2\/users\/2"}],"replies":[{"embeddable":true,"href":"https:\/\/kamadeva.hu\/hu\/wp-json\/wp\/v2\/comments?post=26"}],"version-history":[{"count":16,"href":"https:\/\/kamadeva.hu\/hu\/wp-json\/wp\/v2\/pages\/26\/revisions"}],"predecessor-version":[{"id":1952,"href":"https:\/\/kamadeva.hu\/hu\/wp-json\/wp\/v2\/pages\/26\/revisions\/1952"}],"wp:attachment":[{"href":"https:\/\/kamadeva.hu\/hu\/wp-json\/wp\/v2\/media?parent=26"}],"curies":[{"name":"wp","href":"https:\/\/api.w.org\/{rel}","templated":true}]}}