{"id":27,"date":"2021-11-13T11:30:42","date_gmt":"2021-11-13T11:30:42","guid":{"rendered":"https:\/\/kamadeva.hu\/?page_id=27"},"modified":"2026-04-08T11:59:13","modified_gmt":"2026-04-08T11:59:13","slug":"arak","status":"publish","type":"page","link":"https:\/\/kamadeva.hu\/hu\/arak\/","title":{"rendered":"\u00c1rak"},"content":{"rendered":"Prices\n\n\n90\u2019 Life Energy Activation &#8211;&nbsp;<span style=\"font-variant-caps: normal; text-decoration-line: none; text-decoration-style: solid;\">\u00c9rint\u00e9s Sze\u00e1nsz<\/span>\n\n\n39.000Ft\n\n\n\n\n120\u2019 Life Energy Activation &#8211; Touch Session\n\n\n49.000Ft\n\n\n\n\n90\u2019 Life Energy Activation &#8211; Touch Session &#8211;&nbsp;<span style=\"font-variant-caps: normal; text-decoration-line: none; text-decoration-style: solid;\">P\u00e1roknak<\/span>\n\n\n69.000Ft\n\n\n\n\n120\u2019 Life Energy Activation &#8211; Touch Session &#8211;&nbsp;<span style=\"font-variant-caps: normal; text-decoration-line: none; text-decoration-style: solid;\">P\u00e1roknak<\/span>\n\n\n89.000Ft\n\n\n\n\n120\u2019 Shamanic Touch Session\n\n\n59.000Ft\n\n\n\n\n120\u2019 Shamanic Touch Session &#8211; For couples\t <\/span>\n\n\n99.000Ft\n\n\n\n\n90\u2019 Rebirth &#8211; Touch Session \t\t <\/span>\n\n\n39.000Ft\n\n\n\n\n120\u2019 Rebirth &#8211; Touch Session \t\t <\/span>\n\n\n49.000Ft\n\n\n\n\n120\u2019 Rebirth &#8211; Touch Session with sacred cacao <\/span>\n\n\n59.000Ft\n\n\n\n\n60\u2019 Soul Massage with Reiki Energies <\/span>\n\n\n25.000Ft\n\n\n\n\n90\u2019 Soul Massage with Reiki Energies <\/span>\n\n\n39.000Ft\n\n\n\n\n120\u2019 Soul Massage with Reiki Energies <\/span>\n\n\n49.000Ft\n\n\n\n\n90\u2019 Metamorphic Massage &#8211; Touch Session <\/span>\n\n\n39.000Ft\n\n\n\n\n120\u2019 Metamorphic Massage &#8211; Touch Session <\/span>\n\n\n49.000Ft\n\n\n\n\n90\u2019 Body Memory Touch\t <\/span>\n\n\n39.000Ft\n\n\n\n\n120\u2019 Body Memory Touch\t <\/span>\n\n\n49.000Ft\n\n\n\n\n120\u2019 Body Memory Touch with sacred cacao\t <\/span>\n\n\n59.000Ft\n\n\n\n\n60\u2019 Abhyanga Massage \t <\/span>\n\n\n25.000Ft\n\n\n\n\n90\u2019 Abhyanga Massage \t <\/span>\n\n\n39.000Ft\n\n\n\n\n120\u2019 Deep Relaxation Session\t <\/span>\n\n\n49.000Ft\n\n\n\n\n120\u2019 Special four hand Touch\t \t <\/span>\n\n\n75.000Ft\n\n\n\n\n90\u2019 Inner Rhythm Recalibration Session \t\t \t <\/span>\n\n\n39.000Ft\n\n\n\n\n120\u2019 Inner Rhythm Recalibration Session \t\t \t <\/span>\n\n\n49.000Ft\n\n\n\n\n90&#8242; Somatic Integration body treatment\n\t\t \t <\/span>\n\n\n39.000Ft\n\n\n\n\n120&#8242; Somatic Integration body treatment\n\t\t \t <\/span>\n\n\n49.000Ft\n\n\n\n\nKamadeva\nBook an appointment in advance\n.\n\n\n\n\n\n<h2>KAMADEVA<\/h2>\n\n\n\n\n\n\n\nSERVICES\n\nMassages\nTouch Therapy\nHarmonization\n\n\n\nLOCATION\nLOCATION\n\n\n\n\n\n\n\nCONTACT US\n\n\n\n\nVia Email:\n\n\n\n\n\nVia Phone:","protected":false},"excerpt":{"rendered":"","protected":false},"author":2,"featured_media":0,"parent":0,"menu_order":0,"comment_status":"closed","ping_status":"closed","template":"","meta":{"pagelayer_contact_templates":[],"_pagelayer_content":"","_monsterinsights_skip_tracking":false,"_monsterinsights_sitenote_active":false,"_monsterinsights_sitenote_note":"","_monsterinsights_sitenote_category":0,"kk_blocks_editor_width":"","_kiokenblocks_attr":"","_kiokenblocks_dimensions":"","footnotes":""},"class_list":["post-27","page","type-page","status-publish","hentry"],"yoast_head":"<!-- This site is optimized with the Yoast SEO plugin v27.3 - https:\/\/yoast.com\/product\/yoast-seo-wordpress\/ -->\n<title>Prices - BUDAPEST MASSAGE<\/title>\n<meta name=\"robots\" content=\"index, follow, max-snippet:-1, max-image-preview:large, max-video-preview:-1\" \/>\n<link rel=\"canonical\" href=\"https:\/\/kamadeva.hu\/hu\/arak\/\" \/>\n<meta property=\"og:locale\" content=\"hu_HU\" \/>\n<meta property=\"og:type\" content=\"article\" \/>\n<meta property=\"og:title\" content=\"Prices - BUDAPEST MASSAGE\" \/>\n<meta property=\"og:url\" content=\"https:\/\/kamadeva.hu\/hu\/arak\/\" \/>\n<meta property=\"og:site_name\" content=\"BUDAPEST MASSAGE\" \/>\n<meta property=\"article:modified_time\" content=\"2026-04-08T11:59:13+00:00\" \/>\n<meta name=\"twitter:card\" content=\"summary_large_image\" \/>\n<meta name=\"twitter:label1\" content=\"Becs\u00fclt olvas\u00e1si id\u0151\" \/>\n\t<meta name=\"twitter:data1\" content=\"1 perc\" \/>\n<script type=\"application\/ld+json\" class=\"yoast-schema-graph\">{\"@context\":\"https:\\\/\\\/schema.org\",\"@graph\":[{\"@type\":\"WebPage\",\"@id\":\"https:\\\/\\\/kamadeva.hu\\\/arak\\\/\",\"url\":\"https:\\\/\\\/kamadeva.hu\\\/arak\\\/\",\"name\":\"Prices - BUDAPEST MASSAGE\",\"isPartOf\":{\"@id\":\"https:\\\/\\\/kamadeva.hu\\\/#website\"},\"datePublished\":\"2021-11-13T11:30:42+00:00\",\"dateModified\":\"2026-04-08T11:59:13+00:00\",\"breadcrumb\":{\"@id\":\"https:\\\/\\\/kamadeva.hu\\\/arak\\\/#breadcrumb\"},\"inLanguage\":\"hu\",\"potentialAction\":[{\"@type\":\"ReadAction\",\"target\":[\"https:\\\/\\\/kamadeva.hu\\\/arak\\\/\"]}]},{\"@type\":\"BreadcrumbList\",\"@id\":\"https:\\\/\\\/kamadeva.hu\\\/arak\\\/#breadcrumb\",\"itemListElement\":[{\"@type\":\"ListItem\",\"position\":1,\"name\":\"Kezd\u0151lap\",\"item\":\"https:\\\/\\\/kamadeva.hu\\\/\"},{\"@type\":\"ListItem\",\"position\":2,\"name\":\"Prices\"}]},{\"@type\":\"WebSite\",\"@id\":\"https:\\\/\\\/kamadeva.hu\\\/#website\",\"url\":\"https:\\\/\\\/kamadeva.hu\\\/\",\"name\":\"BUDAPEST MASSAGE\",\"description\":\"Deep Relaxation - Touch Therapy\",\"publisher\":{\"@id\":\"https:\\\/\\\/kamadeva.hu\\\/#organization\"},\"potentialAction\":[{\"@type\":\"SearchAction\",\"target\":{\"@type\":\"EntryPoint\",\"urlTemplate\":\"https:\\\/\\\/kamadeva.hu\\\/?s={search_term_string}\"},\"query-input\":{\"@type\":\"PropertyValueSpecification\",\"valueRequired\":true,\"valueName\":\"search_term_string\"}}],\"inLanguage\":\"hu\"},{\"@type\":\"Organization\",\"@id\":\"https:\\\/\\\/kamadeva.hu\\\/#organization\",\"name\":\"BUDAPEST MASSAGE\",\"url\":\"https:\\\/\\\/kamadeva.hu\\\/\",\"logo\":{\"@type\":\"ImageObject\",\"inLanguage\":\"hu\",\"@id\":\"https:\\\/\\\/kamadeva.hu\\\/#\\\/schema\\\/logo\\\/image\\\/\",\"url\":\"https:\\\/\\\/kamadeva.hu\\\/wp-content\\\/uploads\\\/2026\\\/04\\\/cropped-H1Favic-1.png\",\"contentUrl\":\"https:\\\/\\\/kamadeva.hu\\\/wp-content\\\/uploads\\\/2026\\\/04\\\/cropped-H1Favic-1.png\",\"width\":250,\"height\":250,\"caption\":\"BUDAPEST MASSAGE\"},\"image\":{\"@id\":\"https:\\\/\\\/kamadeva.hu\\\/#\\\/schema\\\/logo\\\/image\\\/\"}}]}<\/script>\n<!-- \/ Yoast SEO plugin. -->","yoast_head_json":{"title":"Prices - BUDAPEST MASSAGE","robots":{"index":"index","follow":"follow","max-snippet":"max-snippet:-1","max-image-preview":"max-image-preview:large","max-video-preview":"max-video-preview:-1"},"canonical":"https:\/\/kamadeva.hu\/hu\/arak\/","og_locale":"hu_HU","og_type":"article","og_title":"Prices - BUDAPEST MASSAGE","og_url":"https:\/\/kamadeva.hu\/hu\/arak\/","og_site_name":"BUDAPEST MASSAGE","article_modified_time":"2026-04-08T11:59:13+00:00","twitter_card":"summary_large_image","twitter_misc":{"Becs\u00fclt olvas\u00e1si id\u0151":"1 perc"},"schema":{"@context":"https:\/\/schema.org","@graph":[{"@type":"WebPage","@id":"https:\/\/kamadeva.hu\/arak\/","url":"https:\/\/kamadeva.hu\/arak\/","name":"Prices - BUDAPEST MASSAGE","isPartOf":{"@id":"https:\/\/kamadeva.hu\/#website"},"datePublished":"2021-11-13T11:30:42+00:00","dateModified":"2026-04-08T11:59:13+00:00","breadcrumb":{"@id":"https:\/\/kamadeva.hu\/arak\/#breadcrumb"},"inLanguage":"hu","potentialAction":[{"@type":"ReadAction","target":["https:\/\/kamadeva.hu\/arak\/"]}]},{"@type":"BreadcrumbList","@id":"https:\/\/kamadeva.hu\/arak\/#breadcrumb","itemListElement":[{"@type":"ListItem","position":1,"name":"Kezd\u0151lap","item":"https:\/\/kamadeva.hu\/"},{"@type":"ListItem","position":2,"name":"Prices"}]},{"@type":"WebSite","@id":"https:\/\/kamadeva.hu\/#website","url":"https:\/\/kamadeva.hu\/","name":"Budapest Massz\u00e1zs","description":"Deep Relaxation - Touch Therapy","publisher":{"@id":"https:\/\/kamadeva.hu\/#organization"},"potentialAction":[{"@type":"SearchAction","target":{"@type":"EntryPoint","urlTemplate":"https:\/\/kamadeva.hu\/?s={search_term_string}"},"query-input":{"@type":"PropertyValueSpecification","valueRequired":true,"valueName":"search_term_string"}}],"inLanguage":"hu"},{"@type":"Organization","@id":"https:\/\/kamadeva.hu\/#organization","name":"Budapest Massz\u00e1zs","url":"https:\/\/kamadeva.hu\/","logo":{"@type":"ImageObject","inLanguage":"hu","@id":"https:\/\/kamadeva.hu\/#\/schema\/logo\/image\/","url":"https:\/\/kamadeva.hu\/wp-content\/uploads\/2026\/04\/cropped-H1Favic-1.png","contentUrl":"https:\/\/kamadeva.hu\/wp-content\/uploads\/2026\/04\/cropped-H1Favic-1.png","width":250,"height":250,"caption":"BUDAPEST MASSAGE"},"image":{"@id":"https:\/\/kamadeva.hu\/#\/schema\/logo\/image\/"}}]}},"_links":{"self":[{"href":"https:\/\/kamadeva.hu\/hu\/wp-json\/wp\/v2\/pages\/27","targetHints":{"allow":["GET"]}}],"collection":[{"href":"https:\/\/kamadeva.hu\/hu\/wp-json\/wp\/v2\/pages"}],"about":[{"href":"https:\/\/kamadeva.hu\/hu\/wp-json\/wp\/v2\/types\/page"}],"author":[{"embeddable":true,"href":"https:\/\/kamadeva.hu\/hu\/wp-json\/wp\/v2\/users\/2"}],"replies":[{"embeddable":true,"href":"https:\/\/kamadeva.hu\/hu\/wp-json\/wp\/v2\/comments?post=27"}],"version-history":[{"count":57,"href":"https:\/\/kamadeva.hu\/hu\/wp-json\/wp\/v2\/pages\/27\/revisions"}],"predecessor-version":[{"id":1990,"href":"https:\/\/kamadeva.hu\/hu\/wp-json\/wp\/v2\/pages\/27\/revisions\/1990"}],"wp:attachment":[{"href":"https:\/\/kamadeva.hu\/hu\/wp-json\/wp\/v2\/media?parent=27"}],"curies":[{"name":"wp","href":"https:\/\/api.w.org\/{rel}","templated":true}]}}