{"id":35,"date":"2021-11-13T11:43:42","date_gmt":"2021-11-13T11:43:42","guid":{"rendered":"https:\/\/kamadeva.hu\/?page_id=35"},"modified":"2026-03-23T17:06:35","modified_gmt":"2026-03-23T17:06:35","slug":"home","status":"publish","type":"page","link":"https:\/\/kamadeva.hu\/hu\/","title":{"rendered":"Home"},"content":{"rendered":"<h1>Egy l\u00e9lekszent\u00e9ly, ahol a csend a b\u0151r alatt sz\u00fcletik\n<\/h1>\n\n\n\n\n<h6> The Touch That Awakens the Body&#8217;s Deepest Memory<\/h6>\n\n<p>&nbsp;<\/p>\n\n\n\n\n\n\n\n\n\n\n\n\n\n<p> Here, you are invited to slow down and truly arrive.  Your body is allowed to soften and release, while your soul finds gentle rest within you. Every ounce of attention is attuned solely to you &#8211; the space and the energy wrap around you like the softest embrace. <\/p>\n<p>Bels\u0151 ritmusod lassan \u00e1talakul, csendes, meleg \u00e1raml\u00e1ss\u00e1 v\u00e1lik, amely \u00e1thatja l\u00e9tez\u00e9sed minden finom rezd\u00fcl\u00e9s\u00e9t. Csup\u00e1n annyi a k\u00e9r\u00e9s, hogy legy\u00e9l jelen\u2026 \u00e9s fogadd be az \u00e9rint\u00e9s szent pillanatait.\n<\/p>\n<p>And then, almost without noticing, you discover yourself becoming lighter, lifted, and free &#8211; as though something long-held has finally been allowed to unfold and breathe.<\/p>\n\n\n\n\n<h2><\/h2>\n\n\n\n\n\n\n\n\n\n<h6><\/h6>\n<p> F\u00e9lhom\u00e1ly. Szent geometriai form\u00e1k l\u00e1thatatlanul rendezik a teret. Az energi\u00e1k er\u0151s\u00f6dnek \u00e9s megtartanak. A telefon eln\u00e9mul, a k\u00fclvil\u00e1g kint marad. M\u00e9csesek, s\u00f3l\u00e1mp\u00e1k, l\u00e1gy zene \u2026 \u00e9s csak a saj\u00e1t l\u00e9legzeted.<\/p>\n\n\n\n\n\n\n\n<h2>Sze\u00e1nsz Mesterek\n<\/h2>\n<h6><\/h6>\n<p style=\"text-align: center;\"> Our practitioners are living channels &#8211; highly trained energy healers who have devoted decades to their own inner path. Their touch extends far beyond technique. It becomes a living flow &#8211; an authentic current that moves through them, and reaches you, gently attuning to your inner rhythm.<\/p>\n\n\n<h6><\/h6>\n<p>Nincs k\u00e9t egyforma sze\u00e1nsz, mint ahogy nincs k\u00e9t egyforma l\u00e9lek sem. Minden alkalom 100%-ig szem\u00e9lyre szabott, a sz\u00e1nd\u00e9k pillanat\u00e1t\u00f3l az utols\u00f3 energetiz\u00e1l\u00e1sig.<\/p>\n\n\n\n\n\n\n\n<p>Mi\u00e9rt \u00e9rdemelsz t\u00f6bbet, mint egy sima massz\u00e1zs?\n<\/p>\n\n\n\n\n\n\n\n\n\n\n\n\n\n\n\n\n\n\n\n\n\n\n\n\n\n\n\n\n<p style=\"text-align: right; \"><span style=\"font-size: 20px; color: rgb(255, 255, 255);\"><strong style=\"line-height: 1;\">LOREM CORPORATE CEO<\/strong><\/span><\/p><p style=\"text-align: center;\"><span style=\"color: rgb(255, 255, 255);\">Duis aute irure dolor in reprehenderit in voluptate velit esse cillum dolore eu fugiat nulla pariatur. Excepteur sint occaecat cupidatat non proident, sunt in culpa qui officia deserunt mollit anim id est laborum.<\/span><\/p><p style=\"text-align: left;\"><sign>\u00a0 \u00a0 \u00a0 <span style=\"line-height: 2.0;\">Benn Marshall<\/span><\/sign><\/p>\n\n\n<p>- Mert nem csak f\u00e1radt izmokat hozol\n<\/p>\n<p>- Blokkok, energiaveszt\u00e9s, l\u00e9lekf\u00e1radts\u00e1g is \u00e9rkezik veled\n<\/p>\n<p>- Minden kezel\u00e9s egy teljes cerem\u00f3nia\n<\/p>\n<p>- Test, l\u00e9lek, tudat egy\u00fctt \u00e9led \u00fajra\n<\/p>\n<p>- Rendk\u00edv\u00fcli figyelmet \u00e9rdemelsz\n<\/p>\n<p>- Minden kezel\u00e9s pontosan r\u00e1d van szabva\n<\/p>\n<p>- Mert az \u00e9rint\u00e9s t\u00falmutat a technik\u00e1n, \u00e9s m\u00e9lyebb r\u00e9tegeket \u00e9r el\n<\/p>\n<p>- \u2026hogy \u00e9leted v\u00e9g\u00e9ig eml\u00e9kezhess egy olyan kezel\u00e9sre, amire mindig sz\u00edvesen gondolsz vissza.<\/p>\n\n\n\n\n\n\n\n\n\nMit viszel magaddal egy sze\u00e1nsz ut\u00e1n?\n<p style=\"text-align: center; \"><span style=\"color: rgb(242, 242, 242);\"> - B\u00e9k\u00e9t, ami m\u00e9g napokig kitart <span style=\"font-size:medium;\"><\/span>hold you for days.\n\n\n<\/span><\/p>\n<p style=\"text-align: center; \"><span style=\"color: rgb(242, 242, 242);\"> - A test \u00e9s a l\u00e9lek leveg\u0151h\u00f6z jut<span style=\"font-size:medium;\"><\/span> body and soul begin to breathe again.\n\n\n<\/span><\/p>\n<p style=\"text-align: center; \"><span style=\"color: rgb(242, 242, 242);\"> - Hazatal\u00e1l\u00e1st \u00f6nmagadhoz\n\n<\/span><\/p>\n<p style=\"text-align: center; \"><span style=\"color: rgb(242, 242, 242);\"> \u2022 The subtle release of old burdens, deeply held tensions, and long-carried imprints &#8211;  felt within the body.\n\n\n<\/span><\/p>\n<p style=\"text-align: center; \"><span style=\"color: rgb(242, 242, 242);\"> - Eleven, tiszta energia, ami mag\u00e1t\u00f3l \u00e1ramlik, \u00e9s azt \u00e9rzed: \u00fajra l\u00e9tezel\n\n\n\n<\/span><\/p>\n<p style=\"text-align: center; \"><span style=\"color: rgb(242, 242, 242);\"> - Csendes, m\u00e9ly \u00e1talakul\u00e1s\n\n\n\n<\/span><\/p>\n\n\n\n\n<p>Mi\u00e9rt j\u00f6nnek vissza \u00fajra \u00e9s \u00fajra a vend\u00e9gek?<\/p>\n\n\n\n\n\n\n\n<p>\u201eA harmadik sze\u00e1nsz ut\u00e1n s\u00edrva j\u00f6ttem ki. Nem f\u00e1jt semmi, m\u00e9gis mintha 20 \u00e9v s\u00faly\u00e1t dobtam volna le magamr\u00f3l.\u201d<\/p>\n\n\n<p>\"T\u00e9nyleg haza\u00e9rkezel. Minden alkalom egy kicsit jobban eml\u00e9keztet arra, ki is vagyok val\u00f3j\u00e1ban\u201d<\/p>\n\n\n<p>\u201cMy husband told me I had become a different person. He was right. I feel deeply grateful.&#8221;<\/p>\n\n\n\n\n\n\n\n\n\n\n\n\n\n\n\n\n\n\n<h2>\u201eK\u00e9szen \u00e1llsz az egyetlen \u00e9lm\u00e9nyre, amit soha nem felejtesz el?\u201d<\/h2>\n\n\n\n\n\n\n\n\n\n\n\n\n\n\n\n<h2>KAMADEVA<\/h2>\n\n\n\n\n\n\n\nSERVICES\n\nMassages\nTouch Therapy\nHarmonization\n\n\n\nLOCATION\nLOCATION\n\n\n\n\n\n\n\nCONTACT US\n\n\n\n\nVia Email:\n\n\n\n\n\nVia Phone:","protected":false},"excerpt":{"rendered":"","protected":false},"author":2,"featured_media":0,"parent":0,"menu_order":0,"comment_status":"closed","ping_status":"closed","template":"","meta":{"pagelayer_contact_templates":[],"_pagelayer_content":"","_monsterinsights_skip_tracking":false,"_monsterinsights_sitenote_active":false,"_monsterinsights_sitenote_note":"","_monsterinsights_sitenote_category":0,"kk_blocks_editor_width":"","_kiokenblocks_attr":"","_kiokenblocks_dimensions":"","footnotes":""},"class_list":["post-35","page","type-page","status-publish","hentry"],"yoast_head":"<!-- This site is optimized with the Yoast SEO plugin v27.3 - https:\/\/yoast.com\/product\/yoast-seo-wordpress\/ -->\n<title>Home - BUDAPEST MASSAGE<\/title>\n<meta name=\"robots\" content=\"index, follow, max-snippet:-1, max-image-preview:large, max-video-preview:-1\" \/>\n<link rel=\"canonical\" href=\"https:\/\/kamadeva.hu\/hu\/\" \/>\n<meta property=\"og:locale\" content=\"hu_HU\" \/>\n<meta property=\"og:type\" content=\"article\" \/>\n<meta property=\"og:title\" content=\"Home - BUDAPEST MASSAGE\" \/>\n<meta property=\"og:url\" content=\"https:\/\/kamadeva.hu\/hu\/\" \/>\n<meta property=\"og:site_name\" content=\"BUDAPEST MASSAGE\" \/>\n<meta property=\"article:modified_time\" content=\"2026-03-23T17:06:35+00:00\" \/>\n<meta name=\"twitter:card\" content=\"summary_large_image\" \/>\n<meta name=\"twitter:label1\" content=\"Becs\u00fclt olvas\u00e1si id\u0151\" \/>\n\t<meta name=\"twitter:data1\" content=\"3 perc\" \/>\n<script type=\"application\/ld+json\" class=\"yoast-schema-graph\">{\"@context\":\"https:\\\/\\\/schema.org\",\"@graph\":[{\"@type\":\"WebPage\",\"@id\":\"https:\\\/\\\/kamadeva.hu\\\/\",\"url\":\"https:\\\/\\\/kamadeva.hu\\\/\",\"name\":\"Home - BUDAPEST MASSAGE\",\"isPartOf\":{\"@id\":\"https:\\\/\\\/kamadeva.hu\\\/#website\"},\"datePublished\":\"2021-11-13T11:43:42+00:00\",\"dateModified\":\"2026-03-23T17:06:35+00:00\",\"breadcrumb\":{\"@id\":\"https:\\\/\\\/kamadeva.hu\\\/#breadcrumb\"},\"inLanguage\":\"hu\",\"potentialAction\":[{\"@type\":\"ReadAction\",\"target\":[\"https:\\\/\\\/kamadeva.hu\\\/\"]}]},{\"@type\":\"BreadcrumbList\",\"@id\":\"https:\\\/\\\/kamadeva.hu\\\/#breadcrumb\",\"itemListElement\":[{\"@type\":\"ListItem\",\"position\":1,\"name\":\"Kezd\u0151lap\",\"item\":\"https:\\\/\\\/kamadeva.hu\\\/\"},{\"@type\":\"ListItem\",\"position\":2,\"name\":\"Home\"}]},{\"@type\":\"WebSite\",\"@id\":\"https:\\\/\\\/kamadeva.hu\\\/#website\",\"url\":\"https:\\\/\\\/kamadeva.hu\\\/\",\"name\":\"BUDAPEST MASSAGE\",\"description\":\"Deep Relaxation - Touch Therapy\",\"publisher\":{\"@id\":\"https:\\\/\\\/kamadeva.hu\\\/#organization\"},\"potentialAction\":[{\"@type\":\"SearchAction\",\"target\":{\"@type\":\"EntryPoint\",\"urlTemplate\":\"https:\\\/\\\/kamadeva.hu\\\/?s={search_term_string}\"},\"query-input\":{\"@type\":\"PropertyValueSpecification\",\"valueRequired\":true,\"valueName\":\"search_term_string\"}}],\"inLanguage\":\"hu\"},{\"@type\":\"Organization\",\"@id\":\"https:\\\/\\\/kamadeva.hu\\\/#organization\",\"name\":\"BUDAPEST MASSAGE\",\"url\":\"https:\\\/\\\/kamadeva.hu\\\/\",\"logo\":{\"@type\":\"ImageObject\",\"inLanguage\":\"hu\",\"@id\":\"https:\\\/\\\/kamadeva.hu\\\/#\\\/schema\\\/logo\\\/image\\\/\",\"url\":\"https:\\\/\\\/kamadeva.hu\\\/wp-content\\\/uploads\\\/2026\\\/04\\\/cropped-H1Favic-1.png\",\"contentUrl\":\"https:\\\/\\\/kamadeva.hu\\\/wp-content\\\/uploads\\\/2026\\\/04\\\/cropped-H1Favic-1.png\",\"width\":250,\"height\":250,\"caption\":\"BUDAPEST MASSAGE\"},\"image\":{\"@id\":\"https:\\\/\\\/kamadeva.hu\\\/#\\\/schema\\\/logo\\\/image\\\/\"}}]}<\/script>\n<!-- \/ Yoast SEO plugin. -->","yoast_head_json":{"title":"Home - BUDAPEST MASSAGE","robots":{"index":"index","follow":"follow","max-snippet":"max-snippet:-1","max-image-preview":"max-image-preview:large","max-video-preview":"max-video-preview:-1"},"canonical":"https:\/\/kamadeva.hu\/hu\/","og_locale":"hu_HU","og_type":"article","og_title":"Home - BUDAPEST MASSAGE","og_url":"https:\/\/kamadeva.hu\/hu\/","og_site_name":"BUDAPEST MASSAGE","article_modified_time":"2026-03-23T17:06:35+00:00","twitter_card":"summary_large_image","twitter_misc":{"Becs\u00fclt olvas\u00e1si id\u0151":"3 perc"},"schema":{"@context":"https:\/\/schema.org","@graph":[{"@type":"WebPage","@id":"https:\/\/kamadeva.hu\/","url":"https:\/\/kamadeva.hu\/","name":"Home - BUDAPEST MASSAGE","isPartOf":{"@id":"https:\/\/kamadeva.hu\/#website"},"datePublished":"2021-11-13T11:43:42+00:00","dateModified":"2026-03-23T17:06:35+00:00","breadcrumb":{"@id":"https:\/\/kamadeva.hu\/#breadcrumb"},"inLanguage":"hu","potentialAction":[{"@type":"ReadAction","target":["https:\/\/kamadeva.hu\/"]}]},{"@type":"BreadcrumbList","@id":"https:\/\/kamadeva.hu\/#breadcrumb","itemListElement":[{"@type":"ListItem","position":1,"name":"Kezd\u0151lap","item":"https:\/\/kamadeva.hu\/"},{"@type":"ListItem","position":2,"name":"Home"}]},{"@type":"WebSite","@id":"https:\/\/kamadeva.hu\/#website","url":"https:\/\/kamadeva.hu\/","name":"Budapest Massz\u00e1zs","description":"Deep Relaxation - Touch Therapy","publisher":{"@id":"https:\/\/kamadeva.hu\/#organization"},"potentialAction":[{"@type":"SearchAction","target":{"@type":"EntryPoint","urlTemplate":"https:\/\/kamadeva.hu\/?s={search_term_string}"},"query-input":{"@type":"PropertyValueSpecification","valueRequired":true,"valueName":"search_term_string"}}],"inLanguage":"hu"},{"@type":"Organization","@id":"https:\/\/kamadeva.hu\/#organization","name":"Budapest Massz\u00e1zs","url":"https:\/\/kamadeva.hu\/","logo":{"@type":"ImageObject","inLanguage":"hu","@id":"https:\/\/kamadeva.hu\/#\/schema\/logo\/image\/","url":"https:\/\/kamadeva.hu\/wp-content\/uploads\/2026\/04\/cropped-H1Favic-1.png","contentUrl":"https:\/\/kamadeva.hu\/wp-content\/uploads\/2026\/04\/cropped-H1Favic-1.png","width":250,"height":250,"caption":"BUDAPEST MASSAGE"},"image":{"@id":"https:\/\/kamadeva.hu\/#\/schema\/logo\/image\/"}}]}},"_links":{"self":[{"href":"https:\/\/kamadeva.hu\/hu\/wp-json\/wp\/v2\/pages\/35","targetHints":{"allow":["GET"]}}],"collection":[{"href":"https:\/\/kamadeva.hu\/hu\/wp-json\/wp\/v2\/pages"}],"about":[{"href":"https:\/\/kamadeva.hu\/hu\/wp-json\/wp\/v2\/types\/page"}],"author":[{"embeddable":true,"href":"https:\/\/kamadeva.hu\/hu\/wp-json\/wp\/v2\/users\/2"}],"replies":[{"embeddable":true,"href":"https:\/\/kamadeva.hu\/hu\/wp-json\/wp\/v2\/comments?post=35"}],"version-history":[{"count":294,"href":"https:\/\/kamadeva.hu\/hu\/wp-json\/wp\/v2\/pages\/35\/revisions"}],"predecessor-version":[{"id":1924,"href":"https:\/\/kamadeva.hu\/hu\/wp-json\/wp\/v2\/pages\/35\/revisions\/1924"}],"wp:attachment":[{"href":"https:\/\/kamadeva.hu\/hu\/wp-json\/wp\/v2\/media?parent=35"}],"curies":[{"name":"wp","href":"https:\/\/api.w.org\/{rel}","templated":true}]}}